{"id":34995,"date":"2025-05-19T14:10:14","date_gmt":"2025-05-19T12:10:14","guid":{"rendered":"http:\/\/localhost:8000\/?page_id=34995"},"modified":"2025-09-24T09:32:57","modified_gmt":"2025-09-24T07:32:57","slug":"angebot","status":"publish","type":"page","link":"https:\/\/www.doerig-kreier.ch\/de\/angebot\/","title":{"rendered":"Angebot"},"content":{"rendered":"<p>[et_pb_section fb_built=&#8220;1&#8243; admin_label=&#8220;Woo Section 12&#8243; module_class=&#8220;header-image-mod&#8220; _builder_version=&#8220;4.27.4&#8243; _module_preset=&#8220;default&#8220; background_image=&#8220;https:\/\/doerig-kreier.ch\/wp-content\/uploads\/2025\/08\/Kreuzhof_Gebaeude-1-1.jpg&#8220; locked=&#8220;off&#8220; global_colors_info=&#8220;{}&#8220;][et_pb_row use_custom_gutter=&#8220;on&#8220; gutter_width=&#8220;1&#8243; _builder_version=&#8220;4.27.4&#8243; _module_preset=&#8220;default&#8220; width=&#8220;90%&#8220; custom_padding=&#8220;0px||0px||true|false&#8220; custom_css_main_element=&#8220;display: flex;||flex-wrap: wrap;||align-items: center;&#8220; global_colors_info=&#8220;{}&#8220;][et_pb_column type=&#8220;4_4&#8243; _builder_version=&#8220;4.17.0&#8243; _module_preset=&#8220;default&#8220; global_colors_info=&#8220;{}&#8220;][et_pb_text admin_label=&#8220;Women Summer Wear Sale&#8220; _builder_version=&#8220;4.27.4&#8243; _module_preset=&#8220;default&#8220; header_2_font=&#8220;|600||on|||||&#8220; header_2_text_color=&#8220;#000000&#8243; header_2_font_size=&#8220;50px&#8220; header_2_line_height=&#8220;1.3em&#8220; header_3_font=&#8220;|||on|||||&#8220; header_3_text_color=&#8220;#e2224e&#8220; header_3_font_size=&#8220;16px&#8220; header_3_letter_spacing=&#8220;5px&#8220; header_3_line_height=&#8220;1.3em&#8220; custom_margin=&#8220;||20px||false|false&#8220; custom_margin_tablet=&#8220;||||false|false&#8220; custom_margin_last_edited=&#8220;off|tablet&#8220; custom_padding_last_edited=&#8220;off|tablet&#8220; header_2_font_size_tablet=&#8220;40px&#8220; header_2_font_size_phone=&#8220;30px&#8220; header_2_font_size_last_edited=&#8220;on|phone&#8220; header_3_font_size_tablet=&#8220;14px&#8220; header_3_font_size_phone=&#8220;14px&#8220; header_3_font_size_last_edited=&#8220;on|desktop&#8220; text_orientation_tablet=&#8220;center&#8220; text_orientation_phone=&#8220;center&#8220; text_orientation_last_edited=&#8220;on|tablet&#8220; locked=&#8220;off&#8220; global_colors_info=&#8220;{}&#8220;]<\/p>\n<h2>pure Swissness<\/h2>\n<p><span>wertig. echt. einzigartig.<\/span>[\/et_pb_text][\/et_pb_column][\/et_pb_row][\/et_pb_section][et_pb_section fb_built=&#8220;1&#8243; admin_label=&#8220;Woo Section 02&#8243; module_class=&#8220;group-teaser-1&#8243; _builder_version=&#8220;4.27.4&#8243; _module_preset=&#8220;default&#8220; custom_padding=&#8220;28px|||||&#8220; global_colors_info=&#8220;{}&#8220;][et_pb_row _builder_version=&#8220;4.27.4&#8243; _module_preset=&#8220;default&#8220; global_colors_info=&#8220;{}&#8220;][et_pb_column type=&#8220;4_4&#8243; _builder_version=&#8220;4.27.4&#8243; _module_preset=&#8220;default&#8220; global_colors_info=&#8220;{}&#8220;][et_pb_text admin_label=&#8220;Women Summer Wear Sale&#8220; _builder_version=&#8220;4.27.4&#8243; _module_preset=&#8220;default&#8220; header_2_font=&#8220;|600||on|||||&#8220; header_2_text_color=&#8220;#000000&#8243; header_2_font_size=&#8220;50px&#8220; header_2_line_height=&#8220;1.3em&#8220; header_3_font=&#8220;|||on|||||&#8220; header_3_text_color=&#8220;#e2224e&#8220; header_3_font_size=&#8220;16px&#8220; header_3_letter_spacing=&#8220;5px&#8220; header_3_line_height=&#8220;1.3em&#8220; max_width=&#8220;500px&#8220; custom_margin=&#8220;|auto|79px|auto|false|false&#8220; custom_margin_tablet=&#8220;||||false|false&#8220; custom_margin_last_edited=&#8220;off|tablet&#8220; custom_padding_last_edited=&#8220;off|tablet&#8220; header_2_font_size_tablet=&#8220;40px&#8220; header_2_font_size_phone=&#8220;30px&#8220; header_2_font_size_last_edited=&#8220;on|phone&#8220; header_3_font_size_tablet=&#8220;14px&#8220; header_3_font_size_phone=&#8220;14px&#8220; header_3_font_size_last_edited=&#8220;on|desktop&#8220; text_orientation_tablet=&#8220;center&#8220; text_orientation_phone=&#8220;center&#8220; text_orientation_last_edited=&#8220;on|tablet&#8220; locked=&#8220;off&#8220; global_colors_info=&#8220;{}&#8220;]<\/p>\n<h2 style=\"text-align: center;\">unser Angebot<\/h2>\n<p style=\"text-align: center;\">Von hochwertigen Stickereien \u00fcber Souvenirs bis zu typischen Schweizer Textilien \u2013 unser Sortiment bringt Tradition und Qualit\u00e4t in Ihr Verkaufsregal.<\/p>\n<p>[\/et_pb_text][\/et_pb_column][\/et_pb_row][et_pb_row column_structure=&#8220;1_2,1_4,1_4&#8243; use_custom_gutter=&#8220;on&#8220; gutter_width=&#8220;1&#8243; _builder_version=&#8220;4.16.1&#8243; _module_preset=&#8220;default&#8220; global_colors_info=&#8220;{}&#8220;][et_pb_column type=&#8220;1_2&#8243; _builder_version=&#8220;4.16.1&#8243; _module_preset=&#8220;default&#8220; global_colors_info=&#8220;{}&#8220;][et_pb_cta button_url=&#8220;@ET-DC@eyJkeW5hbWljIjp0cnVlLCJjb250ZW50IjoicG9zdF9saW5rX3VybF9wYWdlIiwic2V0dGluZ3MiOnsicG9zdF9pZCI6IjQwMTA0In19@&#8220; button_text=&#8220;Souvenirs&#8220; admin_label=&#8220;Women&#8220; _builder_version=&#8220;4.27.4&#8243; _dynamic_attributes=&#8220;button_url&#8220; _module_preset=&#8220;default&#8220; background_enable_color=&#8220;off&#8220; background_image=&#8220;https:\/\/doerig-kreier.ch\/wp-content\/uploads\/2025\/05\/9aa83e6b660321bd343c1c918204780e05c230f9-scaled.jpg&#8220; custom_button=&#8220;on&#8220; button_text_size=&#8220;18px&#8220; button_text_color=&#8220;#000000&#8243; button_bg_color=&#8220;#FFFFFF&#8220; button_border_width=&#8220;0px&#8220; button_border_radius=&#8220;0px&#8220; button_use_icon=&#8220;off&#8220; button_custom_padding=&#8220;8px|30px|8px|30px|true|true&#8220; min_height=&#8220;600px&#8220; custom_margin=&#8220;|10px|||false|false&#8220; custom_margin_tablet=&#8220;|0px|20px||false|false&#8220; custom_margin_phone=&#8220;|0px|20px||false|false&#8220; custom_margin_last_edited=&#8220;on|tablet&#8220; hover_enabled=&#8220;0&#8243; custom_css_main_element=&#8220;display: flex;||flex-wrap: wrap;||align-content: flex-end;||justify-content: center;&#8220; custom_css_promo_description=&#8220;width: 100%;&#8220; global_colors_info=&#8220;{}&#8220; button_custom_padding__hover_enabled=&#8220;off|hover&#8220; button_text_color__hover_enabled=&#8220;on|desktop&#8220; button_text_color__hover=&#8220;#FFFFFF&#8220; button_bg_color__hover_enabled=&#8220;on|desktop&#8220; button_bg_color__hover=&#8220;#000000&#8243; button_bg_enable_color__hover=&#8220;on&#8220; custom_css_main_element__hover_enabled=&#8220;off|hover&#8220; transform_styles__hover_enabled=&#8220;on|desktop&#8220; transform_scale__hover_enabled=&#8220;on|desktop&#8220; transform_translate__hover_enabled=&#8220;on|desktop&#8220; transform_rotate__hover_enabled=&#8220;on|desktop&#8220; transform_skew__hover_enabled=&#8220;on|desktop&#8220; transform_origin__hover_enabled=&#8220;on|desktop&#8220; transform_scale__hover=&#8220;102%|102%&#8220; min_height_last_edited=&#8220;on|phone&#8220; sticky_enabled=&#8220;0&#8243; min_height_phone=&#8220;249px&#8220; max_height_last_edited=&#8220;on|phone&#8220; max_height_phone=&#8220;249px&#8220; min_height_tablet=&#8220;600px&#8220;][\/et_pb_cta][\/et_pb_column][et_pb_column type=&#8220;1_4&#8243; _builder_version=&#8220;4.16.1&#8243; _module_preset=&#8220;default&#8220; global_colors_info=&#8220;{}&#8220; custom_css_main_element_last_edited=&#8220;on|phone&#8220; custom_css_main_element_tablet=&#8220;width: 100% !important;&#8220; custom_css_main_element_phone=&#8220;width: 100% !important;&#8220;][et_pb_cta button_url=&#8220;@ET-DC@eyJkeW5hbWljIjp0cnVlLCJjb250ZW50IjoicG9zdF9saW5rX3VybF9wYWdlIiwic2V0dGluZ3MiOnsicG9zdF9pZCI6IjQwMTE5In19@&#8220; button_text=&#8220;Textilien&#8220; admin_label=&#8220;Accessories&#8220; _builder_version=&#8220;4.27.4&#8243; _dynamic_attributes=&#8220;button_url&#8220; _module_preset=&#8220;default&#8220; background_enable_color=&#8220;off&#8220; background_image=&#8220;https:\/\/doerig-kreier.ch\/wp-content\/uploads\/2025\/06\/hemden.png&#8220; custom_button=&#8220;on&#8220; button_text_size=&#8220;18px&#8220; button_text_color=&#8220;#000000&#8243; button_bg_color=&#8220;#FFFFFF&#8220; button_border_width=&#8220;0px&#8220; button_border_radius=&#8220;0px&#8220; button_use_icon=&#8220;off&#8220; button_custom_padding=&#8220;8px|30px|8px|30px|true|true&#8220; min_height=&#8220;290px&#8220; custom_margin=&#8220;|10px|20px|10px|false|true&#8220; custom_margin_tablet=&#8220;|0px||0px|false|true&#8220; custom_margin_phone=&#8220;|0px||0px|false|true&#8220; custom_margin_last_edited=&#8220;on|desktop&#8220; custom_padding=&#8220;||||false|false&#8220; custom_css_main_element=&#8220;display: flex;||flex-wrap: wrap;||align-content: flex-end;||justify-content: center;&#8220; custom_css_promo_description=&#8220;width: 100%;&#8220; global_colors_info=&#8220;{}&#8220; button_text_color__hover=&#8220;#FFFFFF&#8220; button_text_color__hover_enabled=&#8220;on|desktop&#8220; button_bg_color__hover=&#8220;#000000&#8243; button_bg_color__hover_enabled=&#8220;on|desktop&#8220; button_custom_padding__hover_enabled=&#8220;off|hover&#8220; custom_css_main_element__hover_enabled=&#8220;off|hover&#8220; transform_styles__hover_enabled=&#8220;on|hover&#8220; transform_scale__hover_enabled=&#8220;on|hover&#8220; transform_translate__hover_enabled=&#8220;on|desktop&#8220; transform_rotate__hover_enabled=&#8220;on|desktop&#8220; transform_skew__hover_enabled=&#8220;on|desktop&#8220; transform_origin__hover_enabled=&#8220;on|desktop&#8220; transform_scale__hover=&#8220;102%|102%&#8220;][\/et_pb_cta][et_pb_cta button_url=&#8220;@ET-DC@eyJkeW5hbWljIjp0cnVlLCJjb250ZW50IjoicG9zdF9saW5rX3VybF9wYWdlIiwic2V0dGluZ3MiOnsicG9zdF9pZCI6IjM5ODcxIn19@&#8220; button_text=&#8220;Promotion&#8220; admin_label=&#8220;Footwear&#8220; _builder_version=&#8220;4.27.4&#8243; _dynamic_attributes=&#8220;button_url&#8220; _module_preset=&#8220;default&#8220; background_enable_color=&#8220;off&#8220; background_image=&#8220;https:\/\/doerig-kreier.ch\/wp-content\/uploads\/2025\/06\/DSC3662-scaled.jpg&#8220; custom_button=&#8220;on&#8220; button_text_size=&#8220;18px&#8220; button_text_color=&#8220;#000000&#8243; button_bg_color=&#8220;#FFFFFF&#8220; button_border_width=&#8220;0px&#8220; button_border_radius=&#8220;0px&#8220; button_use_icon=&#8220;off&#8220; button_custom_padding=&#8220;8px|30px|8px|30px|true|true&#8220; min_height=&#8220;290px&#8220; custom_margin=&#8220;|10px||10px|false|true&#8220; custom_margin_tablet=&#8220;|0px|20px|0px|false|true&#8220; custom_margin_phone=&#8220;|0px|20px|0px|false|true&#8220; custom_margin_last_edited=&#8220;on|tablet&#8220; custom_css_main_element=&#8220;display: flex;||flex-wrap: wrap;||align-content: flex-end;||justify-content: center;&#8220; custom_css_promo_description=&#8220;width: 100%;&#8220; global_colors_info=&#8220;{}&#8220; button_text_color__hover=&#8220;#FFFFFF&#8220; button_text_color__hover_enabled=&#8220;on|desktop&#8220; button_bg_color__hover=&#8220;#000000&#8243; button_bg_color__hover_enabled=&#8220;on|desktop&#8220; button_custom_padding__hover_enabled=&#8220;off|hover&#8220; custom_css_main_element__hover_enabled=&#8220;off|hover&#8220; transform_styles__hover_enabled=&#8220;on|hover&#8220; transform_scale__hover_enabled=&#8220;on|hover&#8220; transform_translate__hover_enabled=&#8220;on|desktop&#8220; transform_rotate__hover_enabled=&#8220;on|desktop&#8220; transform_skew__hover_enabled=&#8220;on|desktop&#8220; transform_origin__hover_enabled=&#8220;on|desktop&#8220; transform_scale__hover=&#8220;102%|102%&#8220;][\/et_pb_cta][\/et_pb_column][et_pb_column type=&#8220;1_4&#8243; _builder_version=&#8220;4.16.1&#8243; _module_preset=&#8220;default&#8220; global_colors_info=&#8220;{}&#8220; custom_css_main_element_last_edited=&#8220;on|tablet&#8220; custom_css_main_element_tablet=&#8220;width: 100% !important;&#8220; custom_css_main_element_phone=&#8220;width: 100% !important;&#8220;][et_pb_cta button_url=&#8220;@ET-DC@eyJkeW5hbWljIjp0cnVlLCJjb250ZW50IjoicG9zdF9saW5rX3VybF9wYWdlIiwic2V0dGluZ3MiOnsicG9zdF9pZCI6IjQ5MTY4In19@&#8220; button_text=&#8220;Stickerei&#8220; admin_label=&#8220;Watches&#8220; _builder_version=&#8220;4.27.4&#8243; _dynamic_attributes=&#8220;button_url&#8220; _module_preset=&#8220;default&#8220; background_enable_color=&#8220;off&#8220; background_image=&#8220;https:\/\/doerig-kreier.ch\/wp-content\/uploads\/2025\/06\/DSC3659-scaled.jpg&#8220; custom_button=&#8220;on&#8220; button_text_size=&#8220;18px&#8220; button_text_color=&#8220;#000000&#8243; button_bg_color=&#8220;#FFFFFF&#8220; button_border_width=&#8220;0px&#8220; button_border_radius=&#8220;0px&#8220; button_use_icon=&#8220;off&#8220; button_custom_padding=&#8220;8px|30px|8px|30px|true|true&#8220; min_height=&#8220;600px&#8220; custom_margin=&#8220;|||10px|false|false&#8220; custom_margin_tablet=&#8220;|||0px|false|false&#8220; custom_margin_phone=&#8220;|||0px|false|false&#8220; custom_margin_last_edited=&#8220;on|tablet&#8220; custom_css_main_element=&#8220;display: flex;||flex-wrap: wrap;||align-content: flex-end;||justify-content: center;&#8220; custom_css_promo_description=&#8220;width: 100%;&#8220; global_colors_info=&#8220;{}&#8220; button_text_color__hover=&#8220;#FFFFFF&#8220; button_text_color__hover_enabled=&#8220;on|desktop&#8220; button_bg_color__hover=&#8220;#000000&#8243; button_bg_color__hover_enabled=&#8220;on|desktop&#8220; button_custom_padding__hover_enabled=&#8220;off|hover&#8220; transform_styles__hover_enabled=&#8220;on|hover&#8220; transform_scale__hover_enabled=&#8220;on|hover&#8220; transform_translate__hover_enabled=&#8220;on|desktop&#8220; transform_rotate__hover_enabled=&#8220;on|desktop&#8220; transform_skew__hover_enabled=&#8220;on|desktop&#8220; transform_origin__hover_enabled=&#8220;on|desktop&#8220; transform_scale__hover=&#8220;102%|102%&#8220;][\/et_pb_cta][\/et_pb_column][\/et_pb_row][\/et_pb_section][et_pb_section fb_built=&#8220;1&#8243; admin_label=&#8220;Woo Section 12&#8243; module_class=&#8220;bg-image-mod&#8220; _builder_version=&#8220;4.27.4&#8243; _module_preset=&#8220;default&#8220; background_image=&#8220;https:\/\/doerig-kreier.ch\/wp-content\/uploads\/2025\/09\/stickerei_DSC3848.jpg&#8220; custom_padding=&#8220;0px||0px||true|false&#8220; custom_css_main_element=&#8220;display: flex;||flex-wrap; wrap;&#8220; locked=&#8220;off&#8220; global_colors_info=&#8220;{}&#8220;][\/et_pb_section][et_pb_section fb_built=&#8220;1&#8243; admin_label=&#8220;Woo Section 12&#8243; module_class=&#8220;article-teaser-1&#8243; _builder_version=&#8220;4.27.4&#8243; _module_preset=&#8220;default&#8220; custom_padding=&#8220;0px||0px||true|false&#8220; custom_css_main_element=&#8220;display: flex;||flex-wrap; wrap;&#8220; locked=&#8220;off&#8220; global_colors_info=&#8220;{}&#8220;][et_pb_row column_structure=&#8220;1_2,1_2&#8243; use_custom_gutter=&#8220;on&#8220; gutter_width=&#8220;1&#8243; _builder_version=&#8220;4.27.4&#8243; _module_preset=&#8220;default&#8220; width=&#8220;90%&#8220; custom_padding=&#8220;0px||0px||true|false&#8220; custom_css_main_element=&#8220;display: flex;||flex-wrap: wrap;||align-items: center;&#8220; global_colors_info=&#8220;{}&#8220;][et_pb_column type=&#8220;1_2&#8243; _builder_version=&#8220;4.20.4&#8243; _module_preset=&#8220;default&#8220; global_colors_info=&#8220;{}&#8220;][et_pb_image src=&#8220;https:\/\/doerig-kreier.ch\/wp-content\/uploads\/2025\/05\/80.01.png&#8220; alt=&#8220;Divi WooCommerce Layout&#8220; title_text=&#8220;80.01&#8243; _builder_version=&#8220;4.27.4&#8243; _module_preset=&#8220;default&#8220; max_width=&#8220;59%&#8220; max_width_tablet=&#8220;70%&#8220; max_width_phone=&#8220;70%&#8220; max_width_last_edited=&#8220;on|tablet&#8220; module_alignment_tablet=&#8220;center&#8220; module_alignment_phone=&#8220;center&#8220; module_alignment_last_edited=&#8220;on|tablet&#8220; global_colors_info=&#8220;{}&#8220;][\/et_pb_image][\/et_pb_column][et_pb_column type=&#8220;1_2&#8243; _builder_version=&#8220;4.17.0&#8243; _module_preset=&#8220;default&#8220; global_colors_info=&#8220;{}&#8220;][et_pb_text admin_label=&#8220;Women Summer Wear Sale&#8220; _builder_version=&#8220;4.27.4&#8243; _module_preset=&#8220;default&#8220; header_2_font=&#8220;|600||on|||||&#8220; header_2_text_color=&#8220;#000000&#8243; header_2_font_size=&#8220;50px&#8220; header_2_line_height=&#8220;1.3em&#8220; header_3_font=&#8220;|||on|||||&#8220; header_3_text_color=&#8220;#e2224e&#8220; header_3_font_size=&#8220;16px&#8220; header_3_letter_spacing=&#8220;5px&#8220; header_3_line_height=&#8220;1.3em&#8220; custom_margin=&#8220;||20px||false|false&#8220; custom_margin_tablet=&#8220;||||false|false&#8220; custom_margin_last_edited=&#8220;off|tablet&#8220; custom_padding_last_edited=&#8220;off|tablet&#8220; header_2_font_size_tablet=&#8220;40px&#8220; header_2_font_size_phone=&#8220;30px&#8220; header_2_font_size_last_edited=&#8220;on|phone&#8220; header_3_font_size_tablet=&#8220;14px&#8220; header_3_font_size_phone=&#8220;14px&#8220; header_3_font_size_last_edited=&#8220;on|desktop&#8220; text_orientation_tablet=&#8220;center&#8220; text_orientation_phone=&#8220;center&#8220; text_orientation_last_edited=&#8220;on|tablet&#8220; locked=&#8220;off&#8220; global_colors_info=&#8220;{}&#8220;]<\/p>\n<h2>Souvenirs &amp; Textilien<\/h2>\n<h3>Ihr Partner f\u00fcr Swissness im Tourismus<\/h3>\n<p>Was mit handbestickten Taschent\u00fcchern in Appenzell begann, ist heute ein vielseitiger B2B-Partner f\u00fcr hochwertige Swiss-Souvenirs, Textilien und Stickereien. Die DOERIG + KREIER AG verbindet \u00fcber 100 Jahre Tradition mit zeitgem\u00e4ssen Produkten \u2013 von Edelweisshemden bis zu typisch schweizerischen Serienartikeln.<\/p>\n<p>Werden Sie Partner und setzen Sie auf echte Swissness \u2013 mit Geschichte, Charakter und Qualit\u00e4t.<\/p>\n<p>[\/et_pb_text][et_pb_button button_url=&#8220;#&#8220; button_text=&#8220;Partner werden&#8220; button_alignment_tablet=&#8220;center&#8220; button_alignment_phone=&#8220;&#8220; button_alignment_last_edited=&#8220;on|phone&#8220; admin_label=&#8220;Shop Now&#8220; _builder_version=&#8220;4.27.4&#8243; _module_preset=&#8220;default&#8220; custom_padding=&#8220;||||false|false&#8220; custom_padding_last_edited=&#8220;off|desktop&#8220; button_text_size_tablet=&#8220;18px&#8220; button_text_size_phone=&#8220;16px&#8220; button_text_size_last_edited=&#8220;off|desktop&#8220; global_colors_info=&#8220;{}&#8220; button_bg_color__hover_enabled=&#8220;off|hover&#8220; button_bg_enable_color__hover=&#8220;on&#8220; custom_padding__hover_enabled=&#8220;off|hover&#8220; button_text_color__hover_enabled=&#8220;off|hover&#8220;][\/et_pb_button][\/et_pb_column][\/et_pb_row][\/et_pb_section][et_pb_section fb_built=&#8220;1&#8243; admin_label=&#8220;Woo Section 12&#8243; module_class=&#8220;article-teaser-2&#8243; _builder_version=&#8220;4.27.4&#8243; _module_preset=&#8220;default&#8220; custom_padding=&#8220;0px||0px||true|false&#8220; custom_css_main_element=&#8220;display: flex;||flex-wrap; wrap;&#8220; locked=&#8220;off&#8220; global_colors_info=&#8220;{}&#8220;][et_pb_row column_structure=&#8220;1_2,1_2&#8243; use_custom_gutter=&#8220;on&#8220; gutter_width=&#8220;1&#8243; _builder_version=&#8220;4.27.4&#8243; _module_preset=&#8220;default&#8220; width=&#8220;90%&#8220; custom_padding=&#8220;0px||0px||true|false&#8220; custom_css_main_element=&#8220;display: flex;||flex-wrap: wrap;||align-items: center;&#8220; global_colors_info=&#8220;{}&#8220;][et_pb_column type=&#8220;1_2&#8243; _builder_version=&#8220;4.20.4&#8243; _module_preset=&#8220;default&#8220; global_colors_info=&#8220;{}&#8220;][et_pb_text admin_label=&#8220;Women Summer Wear Sale&#8220; _builder_version=&#8220;4.27.4&#8243; _module_preset=&#8220;default&#8220; header_2_font=&#8220;|600||on|||||&#8220; header_2_text_color=&#8220;#000000&#8243; header_2_font_size=&#8220;50px&#8220; header_2_line_height=&#8220;1.3em&#8220; header_3_font=&#8220;|||on|||||&#8220; header_3_text_color=&#8220;#e2224e&#8220; header_3_font_size=&#8220;16px&#8220; header_3_letter_spacing=&#8220;5px&#8220; header_3_line_height=&#8220;1.3em&#8220; custom_margin=&#8220;||20px||false|false&#8220; custom_margin_tablet=&#8220;||||false|false&#8220; custom_margin_last_edited=&#8220;off|tablet&#8220; custom_padding_last_edited=&#8220;off|tablet&#8220; header_2_font_size_tablet=&#8220;40px&#8220; header_2_font_size_phone=&#8220;30px&#8220; header_2_font_size_last_edited=&#8220;on|phone&#8220; header_3_font_size_tablet=&#8220;14px&#8220; header_3_font_size_phone=&#8220;14px&#8220; header_3_font_size_last_edited=&#8220;on|desktop&#8220; text_orientation_tablet=&#8220;center&#8220; text_orientation_phone=&#8220;center&#8220; text_orientation_last_edited=&#8220;on|tablet&#8220; locked=&#8220;off&#8220; global_colors_info=&#8220;{}&#8220;]<\/p>\n<h2>\u00a0Schweizer Textiltradition<\/h2>\n<h3>seit \u00fcber 100 jahren<\/h3>\n<p><span>Das Unternehmen DOERIG + KREIER AG ist ein f\u00fchrender Anbieter in der Schweizer Souvenir- &amp; Textiltbranche und kann auf eine \u00fcber 100-j\u00e4hrige Tradition zur\u00fcckblicken.\u00a0<\/span><\/p>\n<p>[\/et_pb_text][et_pb_button button_url=&#8220;@ET-DC@eyJkeW5hbWljIjp0cnVlLCJjb250ZW50IjoicG9zdF9saW5rX3VybF9wYWdlIiwic2V0dGluZ3MiOnsicG9zdF9pZCI6IjM1MDAyIn19@&#8220; button_text=&#8220;Unser Unternehmen&#8220; _builder_version=&#8220;4.27.4&#8243; _dynamic_attributes=&#8220;button_url&#8220; _module_preset=&#8220;default&#8220; global_colors_info=&#8220;{}&#8220;][\/et_pb_button][\/et_pb_column][et_pb_column type=&#8220;1_2&#8243; _builder_version=&#8220;4.17.0&#8243; _module_preset=&#8220;default&#8220; global_colors_info=&#8220;{}&#8220;][et_pb_image src=&#8220;https:\/\/doerig-kreier.ch\/wp-content\/uploads\/2025\/09\/kreuzhof-klein-1.jpg&#8220; alt=&#8220;Divi WooCommerce Layout&#8220; title_text=&#8220;kreuzhof-klein&#8220; _builder_version=&#8220;4.27.4&#8243; _module_preset=&#8220;default&#8220; max_width=&#8220;59%&#8220; max_width_tablet=&#8220;70%&#8220; max_width_phone=&#8220;70%&#8220; max_width_last_edited=&#8220;on|tablet&#8220; module_alignment_tablet=&#8220;center&#8220; module_alignment_phone=&#8220;center&#8220; module_alignment_last_edited=&#8220;on|tablet&#8220; global_colors_info=&#8220;{}&#8220;][\/et_pb_image][\/et_pb_column][\/et_pb_row][\/et_pb_section]<\/p>\n","protected":false},"excerpt":{"rendered":"<p>pure Swissness wertig. echt. einzigartig.unser Angebot Von hochwertigen Stickereien \u00fcber Souvenirs bis zu typischen Schweizer Textilien \u2013 unser Sortiment bringt Tradition und Qualit\u00e4t in Ihr Verkaufsregal.Souvenirs &amp; Textilien Ihr Partner f\u00fcr Swissness im Tourismus Was mit handbestickten Taschent\u00fcchern in Appenzell begann, ist heute ein vielseitiger B2B-Partner f\u00fcr hochwertige Swiss-Souvenirs, Textilien und Stickereien. Die DOERIG + [&hellip;]<\/p>\n","protected":false},"author":1,"featured_media":0,"parent":0,"menu_order":0,"comment_status":"closed","ping_status":"closed","template":"","meta":{"_acf_changed":false,"_et_pb_use_builder":"on","_et_pb_old_content":"","_et_gb_content_width":"","footnotes":""},"class_list":["post-34995","page","type-page","status-publish","hentry"],"acf":[],"_links":{"self":[{"href":"https:\/\/www.doerig-kreier.ch\/de\/wp-json\/wp\/v2\/pages\/34995","targetHints":{"allow":["GET"]}}],"collection":[{"href":"https:\/\/www.doerig-kreier.ch\/de\/wp-json\/wp\/v2\/pages"}],"about":[{"href":"https:\/\/www.doerig-kreier.ch\/de\/wp-json\/wp\/v2\/types\/page"}],"author":[{"embeddable":true,"href":"https:\/\/www.doerig-kreier.ch\/de\/wp-json\/wp\/v2\/users\/1"}],"replies":[{"embeddable":true,"href":"https:\/\/www.doerig-kreier.ch\/de\/wp-json\/wp\/v2\/comments?post=34995"}],"version-history":[{"count":47,"href":"https:\/\/www.doerig-kreier.ch\/de\/wp-json\/wp\/v2\/pages\/34995\/revisions"}],"predecessor-version":[{"id":49415,"href":"https:\/\/www.doerig-kreier.ch\/de\/wp-json\/wp\/v2\/pages\/34995\/revisions\/49415"}],"wp:attachment":[{"href":"https:\/\/www.doerig-kreier.ch\/de\/wp-json\/wp\/v2\/media?parent=34995"}],"curies":[{"name":"wp","href":"https:\/\/api.w.org\/{rel}","templated":true}]}}