{"id":35008,"date":"2025-05-19T14:16:00","date_gmt":"2025-05-19T12:16:00","guid":{"rendered":"http:\/\/localhost:8000\/?page_id=35008"},"modified":"2025-08-21T08:36:59","modified_gmt":"2025-08-21T06:36:59","slug":"kontakt","status":"publish","type":"page","link":"https:\/\/www.doerig-kreier.ch\/de\/kontakt\/","title":{"rendered":"Kontakt"},"content":{"rendered":"<p>[et_pb_section fb_built=&#8220;1&#8243; admin_label=&#8220;Woo Section 12&#8243; module_class=&#8220;article-teaser-2&#8243; _builder_version=&#8220;4.27.4&#8243; _module_preset=&#8220;default&#8220; custom_padding=&#8220;0px||0px||true|false&#8220; custom_css_main_element=&#8220;display: flex;||flex-wrap; wrap;&#8220; locked=&#8220;off&#8220; global_colors_info=&#8220;{}&#8220;][et_pb_row column_structure=&#8220;1_2,1_2&#8243; use_custom_gutter=&#8220;on&#8220; gutter_width=&#8220;1&#8243; _builder_version=&#8220;4.27.4&#8243; _module_preset=&#8220;default&#8220; width=&#8220;90%&#8220; custom_padding=&#8220;0px||0px||true|false&#8220; custom_css_main_element=&#8220;display: flex;||flex-wrap: wrap;||align-items: center;&#8220; global_colors_info=&#8220;{}&#8220;][et_pb_column type=&#8220;1_2&#8243; _builder_version=&#8220;4.20.4&#8243; _module_preset=&#8220;default&#8220; global_colors_info=&#8220;{}&#8220;][et_pb_text admin_label=&#8220;Women Summer Wear Sale&#8220; _builder_version=&#8220;4.27.4&#8243; _module_preset=&#8220;default&#8220; header_2_font=&#8220;|600||on|||||&#8220; header_2_text_color=&#8220;#000000&#8243; header_2_font_size=&#8220;50px&#8220; header_2_line_height=&#8220;1.3em&#8220; header_3_font=&#8220;|||on|||||&#8220; header_3_text_color=&#8220;#e2224e&#8220; header_3_font_size=&#8220;16px&#8220; header_3_letter_spacing=&#8220;5px&#8220; header_3_line_height=&#8220;1.3em&#8220; custom_margin=&#8220;||20px||false|false&#8220; custom_margin_tablet=&#8220;||||false|false&#8220; custom_margin_last_edited=&#8220;off|tablet&#8220; custom_padding_last_edited=&#8220;off|tablet&#8220; header_2_font_size_tablet=&#8220;40px&#8220; header_2_font_size_phone=&#8220;30px&#8220; header_2_font_size_last_edited=&#8220;on|phone&#8220; header_3_font_size_tablet=&#8220;14px&#8220; header_3_font_size_phone=&#8220;14px&#8220; header_3_font_size_last_edited=&#8220;on|desktop&#8220; text_orientation_tablet=&#8220;center&#8220; text_orientation_phone=&#8220;center&#8220; text_orientation_last_edited=&#8220;on|tablet&#8220; locked=&#8220;off&#8220; global_colors_info=&#8220;{}&#8220;]<\/p>\n<h2>Ihr verl\u00e4sslicher Partner<\/h2>\n<h3>Echte Swissness f\u00fcr Ihr Sortiment<\/h3>\n<p class=\"p1\">Ob Schl\u00fcsselanh\u00e4nger, Magnete oder typische Mitbringsel \u2013 wir liefern Ihnen Schweizer Souvenirs mit Herz, Qualit\u00e4t und Tradition. Als zuverl\u00e4ssiger B2B-Partner unterst\u00fctzen wir Sie mit attraktiven Produkten, kurzen Lieferwegen und pers\u00f6nlichem Service.<\/p>\n<p>[\/et_pb_text][et_pb_button button_url=&#8220;\/de\/anmeldung&#8220; button_text=&#8220;Werden sie jetzt Partner&#8220; button_alignment=&#8220;left&#8220; button_alignment_tablet=&#8220;center&#8220; button_alignment_phone=&#8220;center&#8220; button_alignment_last_edited=&#8220;on|tablet&#8220; admin_label=&#8220;Shop Now&#8220; _builder_version=&#8220;4.27.4&#8243; _module_preset=&#8220;default&#8220; custom_button=&#8220;on&#8220; button_text_color=&#8220;#FFFFFF&#8220; button_border_width=&#8220;0px&#8220; button_border_radius=&#8220;0px&#8220; button_letter_spacing=&#8220;2px&#8220; button_font=&#8220;|||on|||||&#8220; button_use_icon=&#8220;off&#8220; custom_padding=&#8220;8px|30px|8px|30px|true|true&#8220; custom_padding_last_edited=&#8220;off|desktop&#8220; button_text_size_tablet=&#8220;18px&#8220; button_text_size_phone=&#8220;16px&#8220; button_text_size_last_edited=&#8220;off|desktop&#8220; global_colors_info=&#8220;{}&#8220; button_bg_color__hover_enabled=&#8220;off|hover&#8220; button_bg_enable_color__hover=&#8220;on&#8220; custom_padding__hover_enabled=&#8220;off|hover&#8220; button_text_color__hover_enabled=&#8220;off|hover&#8220;][\/et_pb_button][\/et_pb_column][et_pb_column type=&#8220;1_2&#8243; _builder_version=&#8220;4.17.0&#8243; _module_preset=&#8220;default&#8220; global_colors_info=&#8220;{}&#8220;][et_pb_image src=&#8220;https:\/\/doerig-kreier.ch\/wp-content\/uploads\/2025\/08\/gebaeude.jpg&#8220; alt=&#8220;Divi WooCommerce Layout&#8220; title_text=&#8220;gebaeude&#8220; _builder_version=&#8220;4.27.4&#8243; _module_preset=&#8220;default&#8220; max_width=&#8220;59%&#8220; max_width_tablet=&#8220;70%&#8220; max_width_phone=&#8220;70%&#8220; max_width_last_edited=&#8220;on|tablet&#8220; module_alignment_tablet=&#8220;center&#8220; module_alignment_phone=&#8220;center&#8220; module_alignment_last_edited=&#8220;on|tablet&#8220; global_colors_info=&#8220;{}&#8220;][\/et_pb_image][\/et_pb_column][\/et_pb_row][\/et_pb_section][et_pb_section fb_built=&#8220;1&#8243; disabled_on=&#8220;off|off|off&#8220; module_id=&#8220;map&#8220; _builder_version=&#8220;4.27.4&#8243; _module_preset=&#8220;default&#8220; global_colors_info=&#8220;{}&#8220;][et_pb_row _builder_version=&#8220;4.27.4&#8243; _module_preset=&#8220;default&#8220; global_colors_info=&#8220;{}&#8220;][et_pb_column type=&#8220;4_4&#8243; _builder_version=&#8220;4.27.4&#8243; _module_preset=&#8220;default&#8220; global_colors_info=&#8220;{}&#8220;][et_pb_map _builder_version=&#8220;4.27.4&#8243; _module_preset=&#8220;default&#8220; hover_enabled=&#8220;0&#8243; global_colors_info=&#8220;{}&#8220; address=&#8220;Gaiserstrasse 19, 9050 Appenzell, Switzerland&#8220; address_lat=&#8220;47.332642&#8243; address_lng=&#8220;9.4137699&#8243; sticky_enabled=&#8220;0&#8243;][et_pb_map_pin pin_address=&#8220;Gaiserstrasse 19, 9050 Appenzell, Switzerland&#8220; _builder_version=&#8220;4.27.4&#8243; _module_preset=&#8220;default&#8220; global_colors_info=&#8220;{}&#8220; pin_address_lat=&#8220;47.3326557&#8243; pin_address_lng=&#8220;9.4136803&#8243; hover_enabled=&#8220;0&#8243; sticky_enabled=&#8220;0&#8243;][\/et_pb_map_pin][\/et_pb_map][\/et_pb_column][\/et_pb_row][\/et_pb_section][et_pb_section fb_built=&#8220;1&#8243; admin_label=&#8220;Woo Section 12&#8243; module_class=&#8220;article-teaser-2 padding-50&#8243; _builder_version=&#8220;4.27.4&#8243; _module_preset=&#8220;default&#8220; custom_padding=&#8220;0px||0px||true|false&#8220; custom_css_main_element=&#8220;display: flex;||flex-wrap; wrap;&#8220; locked=&#8220;off&#8220; global_colors_info=&#8220;{}&#8220;][et_pb_row use_custom_gutter=&#8220;on&#8220; gutter_width=&#8220;1&#8243; _builder_version=&#8220;4.27.4&#8243; _module_preset=&#8220;default&#8220; width=&#8220;90%&#8220; custom_padding=&#8220;0px||0px||true|false&#8220; custom_css_main_element=&#8220;display: flex;||flex-wrap: wrap;||align-items: center;&#8220; global_colors_info=&#8220;{}&#8220;][et_pb_column type=&#8220;4_4&#8243; _builder_version=&#8220;4.17.0&#8243; _module_preset=&#8220;default&#8220; global_colors_info=&#8220;{}&#8220;][et_pb_text admin_label=&#8220;Women Summer Wear Sale&#8220; _builder_version=&#8220;4.27.4&#8243; _module_preset=&#8220;default&#8220; header_2_font=&#8220;|600||on|||||&#8220; header_2_text_color=&#8220;#000000&#8243; header_2_font_size=&#8220;50px&#8220; header_2_line_height=&#8220;1.3em&#8220; header_3_font=&#8220;|||on|||||&#8220; header_3_text_color=&#8220;#e2224e&#8220; header_3_font_size=&#8220;16px&#8220; header_3_letter_spacing=&#8220;5px&#8220; header_3_line_height=&#8220;1.3em&#8220; custom_margin=&#8220;||20px||false|false&#8220; custom_margin_tablet=&#8220;||||false|false&#8220; custom_margin_last_edited=&#8220;off|tablet&#8220; custom_padding_last_edited=&#8220;off|tablet&#8220; header_2_font_size_tablet=&#8220;40px&#8220; header_2_font_size_phone=&#8220;30px&#8220; header_2_font_size_last_edited=&#8220;on|phone&#8220; header_3_font_size_tablet=&#8220;14px&#8220; header_3_font_size_phone=&#8220;14px&#8220; header_3_font_size_last_edited=&#8220;on|desktop&#8220; text_orientation_tablet=&#8220;center&#8220; text_orientation_phone=&#8220;center&#8220; text_orientation_last_edited=&#8220;on|tablet&#8220; locked=&#8220;off&#8220; global_colors_info=&#8220;{}&#8220;]<\/p>\n<h2 style=\"text-align: center;\">Wir sind f\u00fcr sie da<\/h2>\n<h3 style=\"text-align: center;\">unsere Anschrift und Kontaktdaten<\/h3>\n<p style=\"text-align: center;\"><strong>DOERIG + KREIER AG<\/strong><br \/>Gaiserstrasse 19<br \/>CH-9050 Appenzell<\/p>\n<p style=\"text-align: center;\">Telefon: +41 (0)71 788 38 38<br \/>Telefax: +41 (0)71 788 38 36<br \/>E-Mail: <a href=\"mailto:info@doerig-kreier.ch\">info(at)doerig-kreier.ch<\/a><br \/>Website: <a href=\"https:\/\/www.doerig-kreier.ch\">www.doerig-kreier.ch<\/a><\/p>\n<p>[\/et_pb_text][\/et_pb_column][\/et_pb_row][\/et_pb_section]<\/p>\n","protected":false},"excerpt":{"rendered":"<p>Ihr verl\u00e4sslicher Partner Echte Swissness f\u00fcr Ihr Sortiment Ob Schl\u00fcsselanh\u00e4nger, Magnete oder typische Mitbringsel \u2013 wir liefern Ihnen Schweizer Souvenirs mit Herz, Qualit\u00e4t und Tradition. Als zuverl\u00e4ssiger B2B-Partner unterst\u00fctzen wir Sie mit attraktiven Produkten, kurzen Lieferwegen und pers\u00f6nlichem Service.Wir sind f\u00fcr sie da unsere Anschrift und Kontaktdaten DOERIG + KREIER AGGaiserstrasse 19CH-9050 Appenzell Telefon: +41 [&hellip;]<\/p>\n","protected":false},"author":1,"featured_media":0,"parent":0,"menu_order":0,"comment_status":"closed","ping_status":"closed","template":"","meta":{"_acf_changed":false,"_et_pb_use_builder":"on","_et_pb_old_content":"","_et_gb_content_width":"","footnotes":""},"class_list":["post-35008","page","type-page","status-publish","hentry"],"acf":[],"_links":{"self":[{"href":"https:\/\/www.doerig-kreier.ch\/de\/wp-json\/wp\/v2\/pages\/35008","targetHints":{"allow":["GET"]}}],"collection":[{"href":"https:\/\/www.doerig-kreier.ch\/de\/wp-json\/wp\/v2\/pages"}],"about":[{"href":"https:\/\/www.doerig-kreier.ch\/de\/wp-json\/wp\/v2\/types\/page"}],"author":[{"embeddable":true,"href":"https:\/\/www.doerig-kreier.ch\/de\/wp-json\/wp\/v2\/users\/1"}],"replies":[{"embeddable":true,"href":"https:\/\/www.doerig-kreier.ch\/de\/wp-json\/wp\/v2\/comments?post=35008"}],"version-history":[{"count":22,"href":"https:\/\/www.doerig-kreier.ch\/de\/wp-json\/wp\/v2\/pages\/35008\/revisions"}],"predecessor-version":[{"id":40515,"href":"https:\/\/www.doerig-kreier.ch\/de\/wp-json\/wp\/v2\/pages\/35008\/revisions\/40515"}],"wp:attachment":[{"href":"https:\/\/www.doerig-kreier.ch\/de\/wp-json\/wp\/v2\/media?parent=35008"}],"curies":[{"name":"wp","href":"https:\/\/api.w.org\/{rel}","templated":true}]}}