{"id":35013,"date":"2025-05-19T14:22:32","date_gmt":"2025-05-19T12:22:32","guid":{"rendered":"http:\/\/localhost:8000\/?page_id=35013"},"modified":"2025-09-24T09:48:31","modified_gmt":"2025-09-24T07:48:31","slug":"anmeldung","status":"publish","type":"page","link":"https:\/\/www.doerig-kreier.ch\/de\/anmeldung\/","title":{"rendered":"Anmeldung"},"content":{"rendered":"<p>[et_pb_section fb_built=&#8220;1&#8243; admin_label=&#8220;Woo Section 12&#8243; module_class=&#8220;article-teaser-1 login-teaser&#8220; _builder_version=&#8220;4.27.4&#8243; _module_preset=&#8220;default&#8220; custom_padding=&#8220;0px||0px||true|false&#8220; custom_css_main_element=&#8220;display: flex;||flex-wrap; wrap;&#8220; locked=&#8220;off&#8220; global_colors_info=&#8220;{}&#8220;][et_pb_row _builder_version=&#8220;4.27.4&#8243; _module_preset=&#8220;default&#8220; global_colors_info=&#8220;{}&#8220;][et_pb_column type=&#8220;4_4&#8243; _builder_version=&#8220;4.27.4&#8243; _module_preset=&#8220;default&#8220; global_colors_info=&#8220;{}&#8220;][et_pb_login _builder_version=&#8220;4.27.4&#8243; _module_preset=&#8220;default&#8220; background_color=&#8220;RGBA(255,255,255,0)&#8220; global_colors_info=&#8220;{}&#8220;][\/et_pb_login][\/et_pb_column][\/et_pb_row][et_pb_row _builder_version=&#8220;4.27.4&#8243; _module_preset=&#8220;default&#8220; display_conditions=&#8220;W3siaWQiOiJmYWU4ODY2OC1iMjUzLTQzYTAtYTQyMS1lMTYwYTRlODI1MWIiLCJjb25kaXRpb24iOiJsb2dnZWRJblN0YXR1cyIsImNvbmRpdGlvblNldHRpbmdzIjp7ImRpc3BsYXlSdWxlIjoibG9nZ2VkT3V0IiwiYWRtaW5MYWJlbCI6IkFuZ2VtZWxkZXRlciBTdGF0dXMiLCJlbmFibGVDb25kaXRpb24iOiJvbiJ9LCJvcGVyYXRvciI6Ik9SIn1d&#8220; global_colors_info=&#8220;{}&#8220;][et_pb_column type=&#8220;4_4&#8243; _builder_version=&#8220;4.27.4&#8243; _module_preset=&#8220;default&#8220; global_colors_info=&#8220;{}&#8220;][et_pb_text _builder_version=&#8220;4.27.4&#8243; _module_preset=&#8220;default&#8220; global_colors_info=&#8220;{}&#8220;]<\/p>\n<p style=\"text-align: left;\">Unser Shop ist nur f\u00fcr Wiederverk\u00e4ufer zug\u00e4nglich. Mit einem Passwort erhalten Sie Zugriff auf unsere gesamten Sortimente. Melden Sie sich noch heute unverbindlich an. Bei Fragen oder Unklarheiten d\u00fcrfen Sie uns gerne kontaktieren.<\/p>\n<p>[\/et_pb_text][et_pb_button button_url=&#8220;\/de\/mein-konto&#8220; button_text=&#8220;Registrieren&#8220; _builder_version=&#8220;4.27.4&#8243; _module_preset=&#8220;default&#8220; hover_enabled=&#8220;0&#8243; global_colors_info=&#8220;{}&#8220; button_alignment_last_edited=&#8220;on|phone&#8220; sticky_enabled=&#8220;0&#8243; button_alignment_phone=&#8220;center&#8220;][\/et_pb_button][\/et_pb_column][\/et_pb_row][\/et_pb_section]<\/p>\n","protected":false},"excerpt":{"rendered":"<p>Unser Shop ist nur f\u00fcr Wiederverk\u00e4ufer zug\u00e4nglich. Mit einem Passwort erhalten Sie Zugriff auf unsere gesamten Sortimente. Melden Sie sich noch heute unverbindlich an. Bei Fragen oder Unklarheiten d\u00fcrfen Sie uns gerne kontaktieren.<\/p>\n","protected":false},"author":1,"featured_media":0,"parent":0,"menu_order":0,"comment_status":"closed","ping_status":"closed","template":"","meta":{"_acf_changed":false,"_et_pb_use_builder":"on","_et_pb_old_content":"","_et_gb_content_width":"","footnotes":""},"class_list":["post-35013","page","type-page","status-publish","hentry"],"acf":[],"_links":{"self":[{"href":"https:\/\/www.doerig-kreier.ch\/de\/wp-json\/wp\/v2\/pages\/35013","targetHints":{"allow":["GET"]}}],"collection":[{"href":"https:\/\/www.doerig-kreier.ch\/de\/wp-json\/wp\/v2\/pages"}],"about":[{"href":"https:\/\/www.doerig-kreier.ch\/de\/wp-json\/wp\/v2\/types\/page"}],"author":[{"embeddable":true,"href":"https:\/\/www.doerig-kreier.ch\/de\/wp-json\/wp\/v2\/users\/1"}],"replies":[{"embeddable":true,"href":"https:\/\/www.doerig-kreier.ch\/de\/wp-json\/wp\/v2\/comments?post=35013"}],"version-history":[{"count":11,"href":"https:\/\/www.doerig-kreier.ch\/de\/wp-json\/wp\/v2\/pages\/35013\/revisions"}],"predecessor-version":[{"id":49417,"href":"https:\/\/www.doerig-kreier.ch\/de\/wp-json\/wp\/v2\/pages\/35013\/revisions\/49417"}],"wp:attachment":[{"href":"https:\/\/www.doerig-kreier.ch\/de\/wp-json\/wp\/v2\/media?parent=35013"}],"curies":[{"name":"wp","href":"https:\/\/api.w.org\/{rel}","templated":true}]}}